{"id":256,"date":"2015-07-27T04:50:39","date_gmt":"2015-07-27T04:50:39","guid":{"rendered":"http:\/\/demo.oceanthemes.net\/archi\/?page_id=256"},"modified":"2023-07-05T23:02:44","modified_gmt":"2023-07-05T20:02:44","slug":"iletisim","status":"publish","type":"page","link":"https:\/\/mayaluga.com.tr\/index.php\/iletisim\/","title":{"rendered":"\u0130leti\u015fim"},"content":{"rendered":"<p>[vc_row fullwidth=&#8221;yes&#8221; css=&#8221;.vc_custom_1438577278176{padding-bottom: 90px !important;}&#8221;][vc_column]   \t\n   \t<!-- Element: OT Google Map --> \t \n    <div id=\"gmap-69e36b17331af\" style=\"height: 500px;\"><\/div>\n\t\t\n\t<script type=\"text\/javascript\">\t\n\t\t(function($) { \"use strict\"\n\t\t    $(document).ready(function(){\n\t\t     \n\t\t        var locations = [\n\t\t\t\t\t['<div class=\"infobox\"><span><span><\/div>', 39.988855, 32.73401, 2]\n\t\t        ];\n\t\t\t\n\t\t\t\tvar map = new google.maps.Map(document.getElementById('gmap-69e36b17331af'), {\n\t\t\t\t  \tzoom: 15,\n\t\t\t\t\tscrollwheel: false,\n\t\t\t\t\tnavigationControl: true,\n\t\t\t\t\tmapTypeControl: false,\n\t\t\t\t\tscaleControl: false,\n\t\t\t\t\tdraggable: true,\t\t\t\n\t\t\t\t\tstyles: \n\t\t\t\t\t\t[{\"stylers\":[{\"hue\":\"#ff1a00\"},{\"invert_lightness\":true},{\"saturation\":-100},{\"lightness\":33},{\"gamma\":0.5}]},{\"featureType\":\"water\",\"elementType\":\"geometry\",\"stylers\":[{\"color\":\"#2D333C\"}]}],\n\t\t\t\t\tcenter: new google.maps.LatLng(39.988855, 32.73401),\n\t\t\t\t  mapTypeId: google.maps.MapTypeId.ROADMAP\n\t\t\t\t});\n\t\t\t\n\t\t\t\tvar infowindow = new google.maps.InfoWindow();\n\t\t\t\n\t\t\t\tvar marker, i;\n\t\t\t\n\t\t\t\tfor (i = 0; i < locations.length; i++) {  \n\t\t\t\t\tmarker = new google.maps.Marker({ \n\t\t\t\t\t\tposition: new google.maps.LatLng(locations[i][1], locations[i][2]), \n\t\t\t\t\t\tmap: map ,\n\t\t\t\t\t\ticon: 'https:\/\/mayaluga.com.tr\/wp-content\/uploads\/2015\/07\/map-marker.png',\n\t\t\t\t\t\ttitle: ''\n\t\t\t\t\t});\n\t\t\t\t  \tgoogle.maps.event.addListener(marker, (function(marker, i) {\n\t\t\t\t\t\treturn function() {\n\t\t\t\t\t\t\tinfowindow.setContent(locations[i][0]);\n\t\t\t\t\t\t\tinfowindow.open(map, marker);\n\t\t\t\t\t\t}\n\t\t\t\t  \t})(marker, i));\n\t\t\t\t}\n\t\t        \n\t\t    });\n\n\t\t})(jQuery);   \t\n\t<\/script>\n[\/vc_column][\/vc_row][vc_row css=&#8221;.vc_custom_1438577300524{padding-bottom: 90px !important;}&#8221;][vc_column width=&#8221;2\/3&#8243; wap_class=&#8221;wow fadeInUp&#8221;]\n\t<!-- Element: OT Heading --> \t \n\t<h3 class=\"ot_custom_heading  \" style=\"\" >Bize Yaz\u0131n<\/h3>\t\n[vc_empty_space height=&#8221;10px&#8221;]<div role=\"form\" class=\"wpcf7\" id=\"wpcf7-f283-o1\" lang=\"en-US\" dir=\"ltr\">\n<div class=\"screen-reader-response\"><p role=\"status\" aria-live=\"polite\" aria-atomic=\"true\"><\/p> <ul><\/ul><\/div>\n<form action=\"\/index.php\/wp-json\/wp\/v2\/pages\/256#wpcf7-f283-o1\" method=\"post\" class=\"wpcf7-form init\" novalidate=\"novalidate\" data-status=\"init\">\n<div style=\"display: none;\">\n<input type=\"hidden\" name=\"_wpcf7\" value=\"283\" \/>\n<input type=\"hidden\" name=\"_wpcf7_version\" value=\"5.5.1\" \/>\n<input type=\"hidden\" name=\"_wpcf7_locale\" value=\"en_US\" \/>\n<input type=\"hidden\" name=\"_wpcf7_unit_tag\" value=\"wpcf7-f283-o1\" \/>\n<input type=\"hidden\" name=\"_wpcf7_container_post\" value=\"0\" \/>\n<input type=\"hidden\" name=\"_wpcf7_posted_data_hash\" value=\"\" \/>\n<\/div>\n<div class=\"row\">\n<div class=\"col-md-4\">\n<div><span class=\"wpcf7-form-control-wrap your-name\"><input type=\"text\" name=\"your-name\" value=\"\" size=\"40\" class=\"wpcf7-form-control wpcf7-text wpcf7-validates-as-required\" aria-required=\"true\" aria-invalid=\"false\" placeholder=\"Ad\u0131n\u0131z\" \/><\/span> <\/div>\n<div><span class=\"wpcf7-form-control-wrap your-email\"><input type=\"email\" name=\"your-email\" value=\"\" size=\"40\" class=\"wpcf7-form-control wpcf7-text wpcf7-email wpcf7-validates-as-required wpcf7-validates-as-email\" aria-required=\"true\" aria-invalid=\"false\" placeholder=\"Mail Adresiniz\" \/><\/span> <\/div>\n<div><span class=\"wpcf7-form-control-wrap your-phone\"><input type=\"tel\" name=\"your-phone\" value=\"\" size=\"40\" class=\"wpcf7-form-control wpcf7-text wpcf7-tel wpcf7-validates-as-required wpcf7-validates-as-tel\" aria-required=\"true\" aria-invalid=\"false\" placeholder=\"Telefon\" \/><\/span><\/div>\n<\/div>\n<div class=\"col-md-8\">\n<div><span class=\"wpcf7-form-control-wrap your-message\"><textarea name=\"your-message\" cols=\"40\" rows=\"10\" class=\"wpcf7-form-control wpcf7-textarea wpcf7-validates-as-required\" aria-required=\"true\" aria-invalid=\"false\" placeholder=\"Mesaj\u0131n\u0131z\"><\/textarea><\/span><\/div>\n<\/div>\n<div class=\"col-md-12\">\n<p id=\"submit\"><input type=\"submit\" value=\"G\u00f6nder\" class=\"wpcf7-form-control has-spinner wpcf7-submit btn btn-line\" \/><\/p>\n<\/div>\n<\/div>\n<div class=\"wpcf7-response-output\" aria-hidden=\"true\"><\/div><\/form><\/div>[\/vc_column][vc_column width=&#8221;1\/3&#8243; wap_class=&#8221;wow fadeInUp&#8221;]\n\t<!-- Element: OT Heading --> \t \n\t<h3 class=\"ot_custom_heading  \" style=\"\" >\u0130leti\u015fim Bilgileri<\/h3>\t\n[vc_column_text]<\/p>\n<address>\n<div>A\u011fa\u00e7i\u015fleri Sanayi Sitesi 1371. Cadde No:13 Yenimahalle \/Ankara<\/div>\n<div><strong>Telefon:<\/strong>(0 530) 684 76 40<br \/>\n<strong>Telefon:<\/strong>(0312) 395 99 41<\/div>\n<div><strong>Email:<\/strong><a href=\"info@mayaluga.com.tr\">info@mayaluga.com.tr<\/a><\/div>\n<div><strong>Web:<\/strong>http:\/\/www.mayalugalighting.com.tr<\/div>\n<\/address>\n<p>[\/vc_column_text][\/vc_column][\/vc_row]<\/p>\n","protected":false},"excerpt":{"rendered":"<p>[vc_row fullwidth=&#8221;yes&#8221; css=&#8221;.vc_custom_1438577278176{padding-bottom: 90px !important;}&#8221;][vc_column][\/vc_column][\/vc_row][vc_row css=&#8221;.vc_custom_1438577300524{padding-bottom: 90px !important;}&#8221;][vc_column width=&#8221;2\/3&#8243; wap_class=&#8221;wow fadeInUp&#8221;][vc_empty_space height=&#8221;10px&#8221;][\/vc_column][vc_column width=&#8221;1\/3&#8243; wap_class=&#8221;wow fadeInUp&#8221;][vc_column_text] A\u011fa\u00e7i\u015fleri Sanayi Sitesi 1371. Cadde No:13 Yenimahalle \/Ankara Telefon:(0 530) 684 76 40 Telefon:(0312) 395 99 41 Email:info@mayaluga.com.tr Web:http:\/\/www.mayalugalighting.com.tr [\/vc_column_text][\/vc_column][\/vc_row]<\/p>\n","protected":false},"author":1,"featured_media":0,"parent":0,"menu_order":0,"comment_status":"open","ping_status":"open","template":"page-templates\/template-fullwidth.php","meta":{"footnotes":""},"class_list":["post-256","page","type-page","status-publish","hentry"],"_links":{"self":[{"href":"https:\/\/mayaluga.com.tr\/index.php\/wp-json\/wp\/v2\/pages\/256","targetHints":{"allow":["GET"]}}],"collection":[{"href":"https:\/\/mayaluga.com.tr\/index.php\/wp-json\/wp\/v2\/pages"}],"about":[{"href":"https:\/\/mayaluga.com.tr\/index.php\/wp-json\/wp\/v2\/types\/page"}],"author":[{"embeddable":true,"href":"https:\/\/mayaluga.com.tr\/index.php\/wp-json\/wp\/v2\/users\/1"}],"replies":[{"embeddable":true,"href":"https:\/\/mayaluga.com.tr\/index.php\/wp-json\/wp\/v2\/comments?post=256"}],"version-history":[{"count":9,"href":"https:\/\/mayaluga.com.tr\/index.php\/wp-json\/wp\/v2\/pages\/256\/revisions"}],"predecessor-version":[{"id":2183,"href":"https:\/\/mayaluga.com.tr\/index.php\/wp-json\/wp\/v2\/pages\/256\/revisions\/2183"}],"wp:attachment":[{"href":"https:\/\/mayaluga.com.tr\/index.php\/wp-json\/wp\/v2\/media?parent=256"}],"curies":[{"name":"wp","href":"https:\/\/api.w.org\/{rel}","templated":true}]}}