{"id":229,"date":"2015-07-27T03:29:01","date_gmt":"2015-07-27T03:29:01","guid":{"rendered":"http:\/\/demo.oceanthemes.net\/archi\/?page_id=229"},"modified":"2022-10-10T20:26:42","modified_gmt":"2022-10-10T17:26:42","slug":"kurumsal","status":"publish","type":"page","link":"https:\/\/mayaluga.com.tr\/index.php\/kurumsal\/","title":{"rendered":"Kurumsal"},"content":{"rendered":"<p>[vc_row fullwidth=&#8221;yes&#8221; css=&#8221;.vc_custom_1474447060420{background-position: 0 0 !important;background-repeat: no-repeat !important;}&#8221; el_class=&#8221;side-bg no-padding&#8221;][vc_column]\t<!-- Element: OT Quick Office -->\n\t<div class=\"side-bg\">\n\n\t\t<div class=\"image-container hidden-xs pull-left col-md-5\" style=\"background-image:url(https:\/\/mayaluga.com.tr\/wp-content\/uploads\/2021\/11\/1-1.jpg); ?>\" data-delay=\"0\"><\/div>\n\n\t\t<!-- Added this code in 26\/03\/2019 -->\n\t\t<img decoding=\"async\" class=\"visible-xs img-responsive\" src=\"https:\/\/mayaluga.com.tr\/wp-content\/uploads\/2021\/11\/1-1.jpg\" \/>\n\n        <div class=\"container\">\n            <div class=\"row\">\n                <div class=\"inner-padding\">\n                    <div class=\"col-md-6 col-md-offset-6 wow fadeInRight\" data-wow-delay=\".2s\">\n                        <h2>Mayaluga Lighting<\/h2><br\/>\n                        Mayaluga Ayd\u0131nlatma 2020 y\u0131l\u0131nda faaliyetine ba\u015flam\u0131\u015ft\u0131r. Ekibimiz, 1996 y\u0131l\u0131ndan bug\u00fcne kadar ayd\u0131nlatma sekt\u00f6r\u00fcn\u00fcn i\u00e7erisinde yer almaktad\u0131r. Bu 25 y\u0131lda sekt\u00f6r\u00fcn i\u00e7inde tecr\u00fcbe kazanm\u0131\u015ft\u0131r.<\/p>\n<p>Tecr\u00fcbe, donan\u0131m ve bilgisiyle m\u00fc\u015fteri memnuniyetini \u00f6n planda tutarak, kaliteden \u00f6d\u00fcn vermeden, yapt\u0131\u011f\u0131 \u00fcr\u00fcnlerin sonuna kadar arkas\u0131nda durma prensibiyle \u2018otel \u2013 restoran \u2013 cafe \u2013 avm \u2013 i\u00e7 ve d\u0131\u015f mekan \u2018 i\u00e7in led ve dekoratif ayd\u0131nlatma \u00e7\u00f6z\u00fcmleri \u00a0sunmaktad\u0131r.<\/p>\n<p>Proje ve tasar\u0131mlar\u0131n\u0131z\u0131 en iyi \u015fekilde hayata ge\u00e7irmek i\u00e7in \u00e7\u0131kt\u0131\u011f\u0131 bu yolda, sizlerle birlikte kal\u0131c\u0131 olmaya kararl\u0131, g\u00fc\u00e7l\u00fc personeli ve parkuruyla ayd\u0131nlatma sekt\u00f6r\u00fcn\u00fcn \u00f6nc\u00fc firmalar\u0131 aras\u0131nda yer almay\u0131 hedeflemektedir.                    <\/div>\n                    <div class=\"clearfix\"><\/div>\n                <\/div>\n            <\/div>\n        <\/div>\n\t<\/div>\n\n[\/vc_column][\/vc_row][vc_row fullwidth=&#8221;yes&#8221; css=&#8221;.vc_custom_1442204650520{padding-top: 60px !important;padding-bottom: 60px !important;}&#8221; el_class=&#8221;call-to-action bg-color text-center&#8221;][vc_column]\t\t\t\n\t<!-- Element: OT Button --> \n\t\t\t<a href=\"https:\/\/mayaluga.com.tr\/index.php\/iletisim\/\" target=\"_self\" class=\"btn btn-line-black btn-big  \">Bize Ula\u015f\u0131n<\/a>\n\t    \n[\/vc_column][\/vc_row]<\/p>\n","protected":false},"excerpt":{"rendered":"<p>[vc_row fullwidth=&#8221;yes&#8221; css=&#8221;.vc_custom_1474447060420{background-position: 0 0 !important;background-repeat: no-repeat !important;}&#8221; el_class=&#8221;side-bg no-padding&#8221;][vc_column][\/vc_column][\/vc_row][vc_row fullwidth=&#8221;yes&#8221; css=&#8221;.vc_custom_1442204650520{padding-top: 60px !important;padding-bottom: 60px !important;}&#8221; el_class=&#8221;call-to-action bg-color text-center&#8221;][vc_column][\/vc_column][\/vc_row]<\/p>\n","protected":false},"author":1,"featured_media":0,"parent":0,"menu_order":0,"comment_status":"open","ping_status":"open","template":"page-templates\/template-fullwidth.php","meta":{"footnotes":""},"class_list":["post-229","page","type-page","status-publish","hentry"],"_links":{"self":[{"href":"https:\/\/mayaluga.com.tr\/index.php\/wp-json\/wp\/v2\/pages\/229","targetHints":{"allow":["GET"]}}],"collection":[{"href":"https:\/\/mayaluga.com.tr\/index.php\/wp-json\/wp\/v2\/pages"}],"about":[{"href":"https:\/\/mayaluga.com.tr\/index.php\/wp-json\/wp\/v2\/types\/page"}],"author":[{"embeddable":true,"href":"https:\/\/mayaluga.com.tr\/index.php\/wp-json\/wp\/v2\/users\/1"}],"replies":[{"embeddable":true,"href":"https:\/\/mayaluga.com.tr\/index.php\/wp-json\/wp\/v2\/comments?post=229"}],"version-history":[{"count":10,"href":"https:\/\/mayaluga.com.tr\/index.php\/wp-json\/wp\/v2\/pages\/229\/revisions"}],"predecessor-version":[{"id":2128,"href":"https:\/\/mayaluga.com.tr\/index.php\/wp-json\/wp\/v2\/pages\/229\/revisions\/2128"}],"wp:attachment":[{"href":"https:\/\/mayaluga.com.tr\/index.php\/wp-json\/wp\/v2\/media?parent=229"}],"curies":[{"name":"wp","href":"https:\/\/api.w.org\/{rel}","templated":true}]}}