{"id":2096,"date":"2022-10-10T21:06:29","date_gmt":"2022-10-10T18:06:29","guid":{"rendered":"https:\/\/mayaluga.com.tr\/?page_id=2096"},"modified":"2022-10-12T22:26:46","modified_gmt":"2022-10-12T19:26:46","slug":"referanslar","status":"publish","type":"page","link":"https:\/\/mayaluga.com.tr\/index.php\/referanslar\/","title":{"rendered":"Referanslar"},"content":{"rendered":"<p>[vc_row fullwidth=&#8221;yes&#8221; css=&#8221;.vc_custom_1474447060420{background-position: 0 0 !important;background-repeat: no-repeat !important;}&#8221; el_class=&#8221;side-bg no-padding&#8221;][vc_column]\t<!-- Element: OT Quick Office -->\n\t<div class=\"side-bg\">\n\n\t\t<div class=\"image-container hidden-xs pull-left col-md-5\" style=\"background-image:url(https:\/\/mayaluga.com.tr\/wp-content\/uploads\/2021\/11\/1-1.jpg); ?>\" data-delay=\"0\"><\/div>\n\n\t\t<!-- Added this code in 26\/03\/2019 -->\n\t\t<img decoding=\"async\" class=\"visible-xs img-responsive\" src=\"https:\/\/mayaluga.com.tr\/wp-content\/uploads\/2021\/11\/1-1.jpg\" \/>\n\n        <div class=\"container\">\n            <div class=\"row\">\n                <div class=\"inner-padding\">\n                    <div class=\"col-md-6 col-md-offset-6 wow fadeInRight\" data-wow-delay=\".2s\">\n                        <h2>Referanslar\u0131m\u0131zdan Baz\u0131lar\u0131;<\/h2><br\/>\n                        Hilton Hotels \/ Dalaman<br \/>\nHilton Hotels \/ Kemer<br \/>\nPapillon Ayscha \/ Belek<br \/>\nPapillon Belvil \/ Belek<br \/>\nPapillon Zeugma \/ Belek<br \/>\nArmas Hotels \/ Beldibi<br \/>\nMiramare Hotels \/ Manavgat<br \/>\nOrange Palace \/ Manavgat<br \/>\nRoyal Garden Hotels \/ Alanya<br \/>\nElegance East Hotels \/ Antalya<br \/>\nSignature Blue \/ Ku\u015fadas\u0131-Mu\u011fla<br \/>\nArnor Deluxe \/ Manavgat<br \/>\nFame Otel \/ Kundu<br \/>\nLara Antalya<br \/>\nSunthalia Hotels \/ Manavgat<br \/>\nYogh Hosbitalty Hotels \/Surinam-G\u00fcney Amerika<br \/>\nAletris Deluxe Hotels \/ Manavgat<br \/>\nSat\u00fcrn Hotels \/ Lara<br \/>\nEftalia Hotels \/ Alanya<br \/>\nSix Senses Otel \/ \u0130stanbul<br \/>\nAlva Donna Hotels \/ Kiri\u015f<br \/>\nAlva Donna Hotels \/ Side<br \/>\nRixos Hotels \/ Tekirova<br \/>\nEuphoria Hotels \/ Seferihisar-\u0130zmir<br \/>\nRoyal Hayat \/ Kalei\u00e7i-Antalya<br \/>\nRoyal Teos \/\u0130zmir<br \/>\nFame Otel Beldibi\/Kemer<br \/>\nDAP Yap\u0131 \/ Ni\u015fanta\u015f\u0131-\u0130stanbul<br \/>\nAKSOY HOLDING Villalar\u0131 \/ Yal\u0131kavak-Bodrum<br \/>\nHasbah\u00e7e Villa \/ Kandilli-\u0130stanbul<br \/>\nSelene Otel \/ Alanya<br \/>\nSUNIS Hotels \/ Evrenseki-Manavgat<br \/>\n\u0130nfinity \u0130mbat \/ Ku\u015fadas\u0131-Mu\u011fla<br \/>\nAria Hotels \/ Alanya<br \/>\nBuble House Cafe \/ Erbil-IRAK<br \/>\nHUQQABAZ Cafe \/ Erbil-IRAK                    <\/div>\n                    <div class=\"clearfix\"><\/div>\n                <\/div>\n            <\/div>\n        <\/div>\n\t<\/div>\n\n[\/vc_column][\/vc_row][vc_row fullwidth=&#8221;yes&#8221; css=&#8221;.vc_custom_1442204650520{padding-top: 60px !important;padding-bottom: 60px !important;}&#8221; el_class=&#8221;call-to-action bg-color text-center&#8221;][vc_column]\t\t\t\n\t<!-- Element: OT Button --> \n\t\t\t<a href=\"http:\/\/mayalugalighting.com\/iletisim\" target=\"_self\" class=\"btn btn-line-black btn-big  \">Bize Ula\u015f\u0131n<\/a>\n\t    \n[\/vc_column][\/vc_row]<\/p>\n","protected":false},"excerpt":{"rendered":"<p>[vc_row fullwidth=&#8221;yes&#8221; css=&#8221;.vc_custom_1474447060420{background-position: 0 0 !important;background-repeat: no-repeat !important;}&#8221; el_class=&#8221;side-bg no-padding&#8221;][vc_column][\/vc_column][\/vc_row][vc_row fullwidth=&#8221;yes&#8221; css=&#8221;.vc_custom_1442204650520{padding-top: 60px !important;padding-bottom: 60px !important;}&#8221; el_class=&#8221;call-to-action bg-color text-center&#8221;][vc_column][\/vc_column][\/vc_row]<\/p>\n","protected":false},"author":1,"featured_media":0,"parent":0,"menu_order":0,"comment_status":"open","ping_status":"open","template":"page-templates\/template-fullwidth.php","meta":{"footnotes":""},"class_list":["post-2096","page","type-page","status-publish","hentry"],"_links":{"self":[{"href":"https:\/\/mayaluga.com.tr\/index.php\/wp-json\/wp\/v2\/pages\/2096","targetHints":{"allow":["GET"]}}],"collection":[{"href":"https:\/\/mayaluga.com.tr\/index.php\/wp-json\/wp\/v2\/pages"}],"about":[{"href":"https:\/\/mayaluga.com.tr\/index.php\/wp-json\/wp\/v2\/types\/page"}],"author":[{"embeddable":true,"href":"https:\/\/mayaluga.com.tr\/index.php\/wp-json\/wp\/v2\/users\/1"}],"replies":[{"embeddable":true,"href":"https:\/\/mayaluga.com.tr\/index.php\/wp-json\/wp\/v2\/comments?post=2096"}],"version-history":[{"count":9,"href":"https:\/\/mayaluga.com.tr\/index.php\/wp-json\/wp\/v2\/pages\/2096\/revisions"}],"predecessor-version":[{"id":2144,"href":"https:\/\/mayaluga.com.tr\/index.php\/wp-json\/wp\/v2\/pages\/2096\/revisions\/2144"}],"wp:attachment":[{"href":"https:\/\/mayaluga.com.tr\/index.php\/wp-json\/wp\/v2\/media?parent=2096"}],"curies":[{"name":"wp","href":"https:\/\/api.w.org\/{rel}","templated":true}]}}