{"id":141,"date":"2015-07-24T03:26:17","date_gmt":"2015-07-24T03:26:17","guid":{"rendered":"http:\/\/demo.oceanthemes.net\/archi\/?page_id=141"},"modified":"2022-10-10T20:33:08","modified_gmt":"2022-10-10T17:33:08","slug":"homepage-slider","status":"publish","type":"page","link":"https:\/\/mayaluga.com.tr\/","title":{"rendered":"Ana Sayfa"},"content":{"rendered":"<p>[vc_row fullwidth=&#8221;yes&#8221;][vc_column]\n\t\t\t<!-- START Home Slider REVOLUTION SLIDER 6.5.5 --><p class=\"rs-p-wp-fix\"><\/p>\n\t\t\t<rs-module-wrap id=\"rev_slider_1_1_wrapper\" data-source=\"gallery\" style=\"visibility:hidden;background:#e9e9e9;padding:0;\">\n\t\t\t\t<rs-module id=\"rev_slider_1_1\" style=\"\" data-version=\"6.5.5\">\n\t\t\t\t\t<rs-slides>\n\t\t\t\t\t\t<rs-slide style=\"position: absolute;\" data-key=\"rs-1\" data-title=\"Slide 1\" data-thumb=\"\/\/mayaluga.com.tr\/wp-content\/uploads\/2021\/10\/slider1-100x50.jpg\" data-anim=\"ms:500;\" data-in=\"o:0;\" data-out=\"a:false;\">\n\t\t\t\t\t\t\t<img loading=\"lazy\" decoding=\"async\" src=\"\/\/mayaluga.com.tr\/wp-content\/plugins\/revslider\/public\/assets\/assets\/dummy.png\" title=\"slider1\" width=\"1400\" height=\"802\" class=\"rev-slidebg tp-rs-img rs-lazyload\" data-lazyload=\"\/\/mayaluga.com.tr\/wp-content\/uploads\/2021\/10\/slider1.jpg\" data-bg=\"p:center top;\" data-no-retina>\n<!--\n\t\t\t\t\t\t\t--><h2\n\t\t\t\t\t\t\t\tid=\"slider-1-slide-1-layer-2\" \n\t\t\t\t\t\t\t\tclass=\"rs-layer big-text\"\n\t\t\t\t\t\t\t\tdata-type=\"text\"\n\t\t\t\t\t\t\t\tdata-color=\"#ffcc00\"\n\t\t\t\t\t\t\t\tdata-rsp_ch=\"on\"\n\t\t\t\t\t\t\t\tdata-xy=\"x:l,c,c,c;y:m;\"\n\t\t\t\t\t\t\t\tdata-text=\"s:72,65,60,40;l:25,23,23,23;ls:10px,8px,8px,5px;fw:300;\"\n\t\t\t\t\t\t\t\tdata-frame_0=\"sX:2;sY:2;\"\n\t\t\t\t\t\t\t\tdata-frame_1=\"e:expo.inOut;st:400;sp:800;sR:400;\"\n\t\t\t\t\t\t\t\tdata-frame_999=\"x:0;y:0;z:-50;sX:0.85;sY:0.85;o:0;rX:0;rY:0;rZ:0;skX:0;skY:0;e:expo.inOut;st:w;sp:400;sR:4800;\"\n\t\t\t\t\t\t\t\tstyle=\"z-index:9;font-family:'Dosis';text-transform:uppercase;\"\n\t\t\t\t\t\t\t>MAYALUGA \n\t\t\t\t\t\t\t<\/h2><!--\n-->\t\t\t\t\t\t<\/rs-slide>\n\t\t\t\t\t\t<rs-slide style=\"position: absolute;\" data-key=\"rs-2\" data-title=\"Slide 1\" data-thumb=\"\/\/mayaluga.com.tr\/wp-content\/uploads\/2021\/10\/slider2-100x50.jpg\" data-anim=\"ms:500;\" data-in=\"o:0;\" data-out=\"a:false;\">\n\t\t\t\t\t\t\t<img loading=\"lazy\" decoding=\"async\" src=\"\/\/mayaluga.com.tr\/wp-content\/plugins\/revslider\/public\/assets\/assets\/dummy.png\" title=\"slider2\" width=\"1400\" height=\"802\" class=\"rev-slidebg tp-rs-img rs-lazyload\" data-lazyload=\"\/\/mayaluga.com.tr\/wp-content\/uploads\/2021\/10\/slider2.jpg\" data-bg=\"p:center top;\" data-no-retina>\n<!--\n\t\t\t\t\t\t\t--><h2\n\t\t\t\t\t\t\t\tid=\"slider-1-slide-2-layer-2\" \n\t\t\t\t\t\t\t\tclass=\"rs-layer big-text\"\n\t\t\t\t\t\t\t\tdata-type=\"text\"\n\t\t\t\t\t\t\t\tdata-color=\"#ffcc00\"\n\t\t\t\t\t\t\t\tdata-rsp_ch=\"on\"\n\t\t\t\t\t\t\t\tdata-xy=\"x:l,c,c,c;y:m;\"\n\t\t\t\t\t\t\t\tdata-text=\"s:72,65,60,40;l:25,23,23,23;ls:10px,8px,8px,5px;fw:300;\"\n\t\t\t\t\t\t\t\tdata-frame_0=\"sX:2;sY:2;\"\n\t\t\t\t\t\t\t\tdata-frame_1=\"e:expo.inOut;st:400;sp:800;sR:400;\"\n\t\t\t\t\t\t\t\tdata-frame_999=\"x:0;y:0;z:-50;sX:0.85;sY:0.85;o:0;rX:0;rY:0;rZ:0;skX:0;skY:0;e:expo.inOut;st:w;sp:400;sR:4800;\"\n\t\t\t\t\t\t\t\tstyle=\"z-index:9;font-family:'Dosis';text-transform:uppercase;\"\n\t\t\t\t\t\t\t>MAYALUGA \n\t\t\t\t\t\t\t<\/h2><!--\n-->\t\t\t\t\t\t<\/rs-slide>\n\t\t\t\t\t<\/rs-slides>\n\t\t\t\t<\/rs-module>\n\t\t\t\t<script type=\"text\/javascript\">\n\t\t\t\t\tsetREVStartSize({c: 'rev_slider_1_1',rl:[1240,1024,778,480],el:[500,768,960,720],gw:[1170,1024,778,480],gh:[500,768,960,720],type:'standard',justify:'',layout:'fullscreen',offsetContainer:'',offset:'',mh:\"0\"});if (window.RS_MODULES!==undefined && window.RS_MODULES.modules!==undefined && window.RS_MODULES.modules[\"revslider11\"]!==undefined) {window.RS_MODULES.modules[\"revslider11\"].once = false;window.revapi1 = undefined;window.RS_MODULES.checkMinimal()}\n\t\t\t\t<\/script>\n\t\t\t<\/rs-module-wrap>\n\t\t\t<!-- END REVOLUTION SLIDER -->\n[\/vc_column][\/vc_row][vc_row css=&#8221;.vc_custom_1495441353691{padding-top: 90px !important;padding-bottom: 60px !important;}&#8221;][vc_column animate=&#8221;fadeinup&#8221;]\n\t<!-- Element: OT Heading --> \t \n\t<h1 class=\"ot_custom_heading  \" style=\"text-align: center;\" >NELER YAPIYORUZ<\/h1>\t\n\t<!-- Element: OT Line solid --> \t \n\t<div class=\" separator \"><span><i class=\"fa fa-circle\"><\/i><\/span><\/div>\n\t<div class=\"spacer-single\"><\/div>\t      \n[\/vc_column][vc_column width=&#8221;1\/3&#8243; animate=&#8221;fadeinleft&#8221;]\n\t<!-- Element: OT Heading --> \t \n\t<h3 class=\"ot_custom_heading  \" style=\"\" ><b>tasar\u0131m<\/b><\/h3>\t\n[vc_column_text css=&#8221;.vc_custom_1665423157732{margin-bottom: 30px !important;}&#8221;][\/vc_column_text][vc_single_image image=&#8221;1721&#8243; img_size=&#8221;full&#8221;][\/vc_column][vc_column width=&#8221;1\/3&#8243; animate=&#8221;fadeinup&#8221;]\n\t<!-- Element: OT Heading --> \t \n\t<h3 class=\"ot_custom_heading  \" style=\"\" ><b>\u00dcretim<\/b><\/h3>\t\n[vc_column_text css=&#8221;.vc_custom_1665423176924{margin-bottom: 30px !important;}&#8221;][\/vc_column_text][vc_single_image image=&#8221;1723&#8243; img_size=&#8221;full&#8221;][\/vc_column][vc_column width=&#8221;1\/3&#8243; animate=&#8221;fadinright&#8221;]\n\t<!-- Element: OT Heading --> \t \n\t<h3 class=\"ot_custom_heading  \" style=\"\" ><b>montaj<\/b><\/h3>\t\n[vc_column_text css=&#8221;.vc_custom_1665423186007{margin-bottom: 30px !important;}&#8221;][\/vc_column_text][vc_single_image image=&#8221;1725&#8243; img_size=&#8221;full&#8221;][\/vc_column][\/vc_row][vc_row css=&#8221;.vc_custom_1495600621330{padding-top: 90px !important;padding-bottom: 90px !important;background-image: url(http:\/\/demo.archiwp.com\/wp-content\/uploads\/2015\/07\/bg-2.jpg?id=149) !important;background-position: center !important;background-repeat: no-repeat !important;background-size: cover !important;}&#8221; el_class=&#8221;bg-fixed&#8221;][vc_column animate=&#8221;fadeinup&#8221;]\n\t<!-- Element: OT Heading --> \t \n\t<h1 class=\"ot_custom_heading  \" style=\"text-align: center;color: #ffffff;\" >NASIL \u00c7ALI\u015eIYORUZ ?<\/h1>\t\n\t<!-- Element: OT Line solid --> \t \n\t<div class=\" separator \"><span><i class=\"fa fa-circle\"><\/i><\/span><\/div>\n\t<div class=\"spacer-single\"><\/div>\t      \n[\/vc_column][vc_column]\n\t<!-- Element: OT Process -->\n    <div class=\"de_tab tab_steps tab_4  \">\n        <ul class=\"de_nav process-circle-textonly\">\n\t        \t            <li class=\"active wow fadeIn \" data-wow-delay=\"0.4s\">\n\t            \t<span class=\"content-mid\">\n\t            \t\t<div class=\"inner\">\t\t\n\t            \t\t\tG\u00f6r\u00fc\u015fme\t            \t\t<\/div>\n\t            \t<\/span>\t\t        \n\t\t            <div class=\"v-border\"><\/div>\n\t            <\/li>\n\t            \n\t        \t            <li class=\" wow fadeIn \" data-wow-delay=\"0.8s\">\n\t            \t<span class=\"content-mid\">\n\t            \t\t<div class=\"inner\">\t\t\n\t            \t\t\tFikir &#038; Konsept\t            \t\t<\/div>\n\t            \t<\/span>\t\t        \n\t\t            <div class=\"v-border\"><\/div>\n\t            <\/li>\n\t            \n\t        \t            <li class=\" wow fadeIn \" data-wow-delay=\"1.2s\">\n\t            \t<span class=\"content-mid\">\n\t            \t\t<div class=\"inner\">\t\t\n\t            \t\t\tTasar\u0131m\t            \t\t<\/div>\n\t            \t<\/span>\t\t        \n\t\t            <div class=\"v-border\"><\/div>\n\t            <\/li>\n\t            \n\t        \t            <li class=\" wow fadeIn \" data-wow-delay=\"1.6s\">\n\t            \t<span class=\"content-mid\">\n\t            \t\t<div class=\"inner\">\t\t\n\t            \t\t\t\u00dcretim &#038; Montaj\t            \t\t<\/div>\n\t            \t<\/span>\t\t        \n\t\t            <div class=\"v-border\"><\/div>\n\t            <\/li>\n\t            \n\t                <\/ul>\n\n        <div class=\"de_tab_content\">\n\t        \t            <div id=\"tab-580\" class=\"de_tab_content_inner\">\n\t                <p>Taraf\u0131m\u0131za iletilen projeleriniz \u00fczerinde, tecr\u00fcbeli mimar ve ustalar\u0131m\u0131zla \u00e7al\u0131\u015f\u0131p en do\u011fru en uygun maliyetli \u00fcr\u00fcnleri sunmak i\u00e7in gereken \u00e7\u00f6z\u00fcmleri sizlerle payla\u015f\u0131yoruz. Projelerimizde taahh\u00fctlerimize ba\u011fl\u0131 kalmak \u015fart\u0131 ile sizlere hizmet veriyoruz.<\/p>\n\t            <\/div>\n\t        \t            <div id=\"tab-579\" class=\"de_tab_content_inner\">\n\t                \t            <\/div>\n\t        \t            <div id=\"tab-578\" class=\"de_tab_content_inner\">\n\t                \t            <\/div>\n\t        \t            <div id=\"tab-577\" class=\"de_tab_content_inner\">\n\t                \t            <\/div>\n\t                <\/div>\n    <\/div>\n\n[\/vc_column][\/vc_row][vc_row fullwidth=&#8221;yes&#8221;][vc_column]  \n\n\t<!-- Element: OT Portfolio Filter -->\n\t<div class=\"projects-grid-wrapper\">\n\t\t\t\t\t<div class=\"container\">\n\t\t    \t<!-- portfolio filter begin -->\n\t\t\t    <div class=\"row\">\n\t\t\t        <div class=\"col-md-12 text-center\">\n\t\t\t            <ul id=\"filter\" class=\"project_filters wow fadeInUp listed_taxonomy_filters\" data-wow-delay=\"0s\">\n\t\t\t            \t<li><a href=\"#\" data-filter=\"*\" class=\"selected\">T\u00dcM PROJELER\u0130M\u0130Z<\/a><\/li>                    \n\t\t\t                <li class=\"cate_parent\"><a href=\"#\" data-filter=\".category-53\">D\u0131\u015f Mekan<\/a><\/li><li class=\"cate_parent\"><a href=\"#\" data-filter=\".category-54\">Ofis-\u0130\u015f Yeri<\/a><\/li><li class=\"cate_parent\"><a href=\"#\" data-filter=\".category-34\">Otel<\/a><\/li><li class=\"cate_parent\"><a href=\"#\" data-filter=\".category-36\">Restaurant<\/a><\/li><li class=\"cate_parent\"><a href=\"#\" data-filter=\".category-37\">Villa-Rezidans<\/a><\/li>                    \n\t\t\t            <\/ul>\n\t\t\t        <\/div>\n\t\t\t    <\/div>\n\t\t    \t<!-- portfolio filter close -->\n\t\t    <\/div>\n\t    \n\t    <div class=\"projects-grid projects-load-ajax overlay_s1  pf_4_cols\" style=\"margin: -0px 0px\">\n\t    \t<div class=\"project-item-sizer\"><\/div>\n\t                     \n\t        <!-- gallery item -->\n\t        <div class=\"project-item category-54 \" style=\"padding:0px\">\n\t        \t<div class=\"projects-box\">\n\t\t\t\t\t<div class=\"projects-thumbnail\">\n\t\t\t\t\t\t<img loading=\"lazy\" decoding=\"async\" width=\"750\" height=\"499\" src=\"https:\/\/mayaluga.com.tr\/wp-content\/uploads\/2022\/10\/PHOTO-2022-08-23-10-41-01-750x499.jpg\" class=\"attachment-thumb-portfolio size-thumb-portfolio wp-post-image\" alt=\"\" title=\"PHOTO-2022-08-23-10-41-01\" \/>\t\t\t\t\t<\/div>\t\t\t\t\t\t\t\n\t\t\t\t\t<a class=\"single-ajax-popup\" href=\"https:\/\/mayaluga.com.tr\/index.php\/portfolio\/sinpas-eczane\/\">\n\t\t\t\t\t\t<span class=\"project-overlay\">\n\t\t\t\t\t\t\t<span class=\"project-name id-color\">Sinpa\u015f Eczane<\/span>\t\n\t\t\t\t\t\t<\/span>\n\t\t\t\t\t<\/a>\t\n\t\t\t\t<\/div>\n\t        <\/div>        \n\t        <!-- close gallery item -->\n\t                     \n\t        <!-- gallery item -->\n\t        <div class=\"project-item category-54 \" style=\"padding:0px\">\n\t        \t<div class=\"projects-box\">\n\t\t\t\t\t<div class=\"projects-thumbnail\">\n\t\t\t\t\t\t<img loading=\"lazy\" decoding=\"async\" width=\"750\" height=\"499\" src=\"https:\/\/mayaluga.com.tr\/wp-content\/uploads\/2022\/10\/PHOTO-2022-08-11-16-53-25_2-750x499.jpg\" class=\"attachment-thumb-portfolio size-thumb-portfolio wp-post-image\" alt=\"\" title=\"PHOTO-2022-08-11-16-53-25_2\" \/>\t\t\t\t\t<\/div>\t\t\t\t\t\t\t\n\t\t\t\t\t<a class=\"single-ajax-popup\" href=\"https:\/\/mayaluga.com.tr\/index.php\/portfolio\/yda-ofis\/\">\n\t\t\t\t\t\t<span class=\"project-overlay\">\n\t\t\t\t\t\t\t<span class=\"project-name id-color\">YDA OF\u0130S<\/span>\t\n\t\t\t\t\t\t<\/span>\n\t\t\t\t\t<\/a>\t\n\t\t\t\t<\/div>\n\t        <\/div>        \n\t        <!-- close gallery item -->\n\t                     \n\t        <!-- gallery item -->\n\t        <div class=\"project-item category-54 \" style=\"padding:0px\">\n\t        \t<div class=\"projects-box\">\n\t\t\t\t\t<div class=\"projects-thumbnail\">\n\t\t\t\t\t\t<img loading=\"lazy\" decoding=\"async\" width=\"750\" height=\"499\" src=\"https:\/\/mayaluga.com.tr\/wp-content\/uploads\/2022\/10\/6f99bb0c-a148-4f20-9434-70987b582cc5-750x499.jpg\" class=\"attachment-thumb-portfolio size-thumb-portfolio wp-post-image\" alt=\"\" title=\"6f99bb0c-a148-4f20-9434-70987b582cc5\" \/>\t\t\t\t\t<\/div>\t\t\t\t\t\t\t\n\t\t\t\t\t<a class=\"single-ajax-popup\" href=\"https:\/\/mayaluga.com.tr\/index.php\/portfolio\/mekik-plaza\/\">\n\t\t\t\t\t\t<span class=\"project-overlay\">\n\t\t\t\t\t\t\t<span class=\"project-name id-color\">Mekik Plaza<\/span>\t\n\t\t\t\t\t\t<\/span>\n\t\t\t\t\t<\/a>\t\n\t\t\t\t<\/div>\n\t        <\/div>        \n\t        <!-- close gallery item -->\n\t                     \n\t        <!-- gallery item -->\n\t        <div class=\"project-item category-37 \" style=\"padding:0px\">\n\t        \t<div class=\"projects-box\">\n\t\t\t\t\t<div class=\"projects-thumbnail\">\n\t\t\t\t\t\t<img loading=\"lazy\" decoding=\"async\" width=\"750\" height=\"499\" src=\"https:\/\/mayaluga.com.tr\/wp-content\/uploads\/2022\/10\/PHOTO-2022-04-20-13-52-42_2-750x499.jpg\" class=\"attachment-thumb-portfolio size-thumb-portfolio wp-post-image\" alt=\"\" title=\"PHOTO-2022-04-20-13-52-42_2\" \/>\t\t\t\t\t<\/div>\t\t\t\t\t\t\t\n\t\t\t\t\t<a class=\"single-ajax-popup\" href=\"https:\/\/mayaluga.com.tr\/index.php\/portfolio\/van-villa\/\">\n\t\t\t\t\t\t<span class=\"project-overlay\">\n\t\t\t\t\t\t\t<span class=\"project-name id-color\">Van Villa<\/span>\t\n\t\t\t\t\t\t<\/span>\n\t\t\t\t\t<\/a>\t\n\t\t\t\t<\/div>\n\t        <\/div>        \n\t        <!-- close gallery item -->\n\t                     \n\t        <!-- gallery item -->\n\t        <div class=\"project-item category-34 \" style=\"padding:0px\">\n\t        \t<div class=\"projects-box\">\n\t\t\t\t\t<div class=\"projects-thumbnail\">\n\t\t\t\t\t\t<img loading=\"lazy\" decoding=\"async\" width=\"750\" height=\"499\" src=\"https:\/\/mayaluga.com.tr\/wp-content\/uploads\/2022\/10\/WhatsApp-Image-2022-09-30-at-18.56.28-1-750x499.jpeg\" class=\"attachment-thumb-portfolio size-thumb-portfolio wp-post-image\" alt=\"\" title=\"WhatsApp Image 2022-09-30 at 18.56.28 (1)\" \/>\t\t\t\t\t<\/div>\t\t\t\t\t\t\t\n\t\t\t\t\t<a class=\"single-ajax-popup\" href=\"https:\/\/mayaluga.com.tr\/index.php\/portfolio\/eftalia-hotels\/\">\n\t\t\t\t\t\t<span class=\"project-overlay\">\n\t\t\t\t\t\t\t<span class=\"project-name id-color\">Eftalia Hotels<\/span>\t\n\t\t\t\t\t\t<\/span>\n\t\t\t\t\t<\/a>\t\n\t\t\t\t<\/div>\n\t        <\/div>        \n\t        <!-- close gallery item -->\n\t                     \n\t        <!-- gallery item -->\n\t        <div class=\"project-item category-34 \" style=\"padding:0px\">\n\t        \t<div class=\"projects-box\">\n\t\t\t\t\t<div class=\"projects-thumbnail\">\n\t\t\t\t\t\t<img loading=\"lazy\" decoding=\"async\" width=\"750\" height=\"499\" src=\"https:\/\/mayaluga.com.tr\/wp-content\/uploads\/2022\/10\/PHOTO-2022-08-09-13-25-23-750x499.jpg\" class=\"attachment-thumb-portfolio size-thumb-portfolio wp-post-image\" alt=\"\" title=\"PHOTO-2022-08-09-13-25-23\" \/>\t\t\t\t\t<\/div>\t\t\t\t\t\t\t\n\t\t\t\t\t<a class=\"single-ajax-popup\" href=\"https:\/\/mayaluga.com.tr\/index.php\/portfolio\/alva-donna\/\">\n\t\t\t\t\t\t<span class=\"project-overlay\">\n\t\t\t\t\t\t\t<span class=\"project-name id-color\">Alva Donna World Palace<\/span>\t\n\t\t\t\t\t\t<\/span>\n\t\t\t\t\t<\/a>\t\n\t\t\t\t<\/div>\n\t        <\/div>        \n\t        <!-- close gallery item -->\n\t                     \n\t        <!-- gallery item -->\n\t        <div class=\"project-item category-34 \" style=\"padding:0px\">\n\t        \t<div class=\"projects-box\">\n\t\t\t\t\t<div class=\"projects-thumbnail\">\n\t\t\t\t\t\t<img loading=\"lazy\" decoding=\"async\" width=\"750\" height=\"499\" src=\"https:\/\/mayaluga.com.tr\/wp-content\/uploads\/2022\/10\/IMG_5013-750x499.jpg\" class=\"attachment-thumb-portfolio size-thumb-portfolio wp-post-image\" alt=\"\" title=\"IMG_5013\" \/>\t\t\t\t\t<\/div>\t\t\t\t\t\t\t\n\t\t\t\t\t<a class=\"single-ajax-popup\" href=\"https:\/\/mayaluga.com.tr\/index.php\/portfolio\/aletris-otel\/\">\n\t\t\t\t\t\t<span class=\"project-overlay\">\n\t\t\t\t\t\t\t<span class=\"project-name id-color\">Aletris Otel<\/span>\t\n\t\t\t\t\t\t<\/span>\n\t\t\t\t\t<\/a>\t\n\t\t\t\t<\/div>\n\t        <\/div>        \n\t        <!-- close gallery item -->\n\t                     \n\t        <!-- gallery item -->\n\t        <div class=\"project-item category-34 \" style=\"padding:0px\">\n\t        \t<div class=\"projects-box\">\n\t\t\t\t\t<div class=\"projects-thumbnail\">\n\t\t\t\t\t\t<img loading=\"lazy\" decoding=\"async\" width=\"750\" height=\"499\" src=\"https:\/\/mayaluga.com.tr\/wp-content\/uploads\/2022\/10\/IMG_4843-750x499.jpg\" class=\"attachment-thumb-portfolio size-thumb-portfolio wp-post-image\" alt=\"\" title=\"IMG_4843\" \/>\t\t\t\t\t<\/div>\t\t\t\t\t\t\t\n\t\t\t\t\t<a class=\"single-ajax-popup\" href=\"https:\/\/mayaluga.com.tr\/index.php\/portfolio\/rixos-premium-tekirova\/\">\n\t\t\t\t\t\t<span class=\"project-overlay\">\n\t\t\t\t\t\t\t<span class=\"project-name id-color\">Rixos Premium Tekirova<\/span>\t\n\t\t\t\t\t\t<\/span>\n\t\t\t\t\t<\/a>\t\n\t\t\t\t<\/div>\n\t        <\/div>        \n\t        <!-- close gallery item -->\n\t        \t    <\/div>\n\t    \t    \t<\/div>\n[\/vc_column][\/vc_row][vc_row fullwidth=&#8221;yes&#8221; css=&#8221;.vc_custom_1442204741977{padding-top: 60px !important;padding-bottom: 60px !important;}&#8221; el_class=&#8221;call-to-action bg-color text-center&#8221;][vc_column]\t\t\t\n\t<!-- Element: OT Button --> \n\t\t\t<a href=\"https:\/\/mayaluga.com.tr\/index.php\/projelerimiz\/\" target=\"_self\" class=\"btn btn-line-black btn-big  \">T\u00dcM PROJELER\u0130M\u0130Z<\/a>\n\t    \n[\/vc_column][\/vc_row]<\/p>\n","protected":false},"excerpt":{"rendered":"<p>[vc_row fullwidth=&#8221;yes&#8221;][vc_column][\/vc_column][\/vc_row][vc_row css=&#8221;.vc_custom_1495441353691{padding-top: 90px !important;padding-bottom: 60px !important;}&#8221;][vc_column animate=&#8221;fadeinup&#8221;][\/vc_column][vc_column width=&#8221;1\/3&#8243; animate=&#8221;fadeinleft&#8221;][vc_column_text css=&#8221;.vc_custom_1665423157732{margin-bottom: 30px !important;}&#8221;][\/vc_column_text][vc_single_image image=&#8221;1721&#8243; img_size=&#8221;full&#8221;][\/vc_column][vc_column width=&#8221;1\/3&#8243; animate=&#8221;fadeinup&#8221;][vc_column_text css=&#8221;.vc_custom_1665423176924{margin-bottom: 30px !important;}&#8221;][\/vc_column_text][vc_single_image image=&#8221;1723&#8243; img_size=&#8221;full&#8221;][\/vc_column][vc_column width=&#8221;1\/3&#8243; animate=&#8221;fadinright&#8221;][vc_column_text css=&#8221;.vc_custom_1665423186007{margin-bottom: 30px !important;}&#8221;][\/vc_column_text][vc_single_image image=&#8221;1725&#8243; img_size=&#8221;full&#8221;][\/vc_column][\/vc_row][vc_row css=&#8221;.vc_custom_1495600621330{padding-top: 90px !important;padding-bottom: 90px !important;background-image: url(http:\/\/demo.archiwp.com\/wp-content\/uploads\/2015\/07\/bg-2.jpg?id=149) !important;background-position: center !important;background-repeat: no-repeat !important;background-size: cover !important;}&#8221; el_class=&#8221;bg-fixed&#8221;][vc_column animate=&#8221;fadeinup&#8221;][\/vc_column][vc_column][\/vc_column][\/vc_row][vc_row fullwidth=&#8221;yes&#8221;][vc_column][\/vc_column][\/vc_row][vc_row fullwidth=&#8221;yes&#8221; css=&#8221;.vc_custom_1442204741977{padding-top: 60px !important;padding-bottom: 60px !important;}&#8221; el_class=&#8221;call-to-action bg-color text-center&#8221;][vc_column][\/vc_column][\/vc_row]<\/p>\n","protected":false},"author":1,"featured_media":0,"parent":0,"menu_order":0,"comment_status":"open","ping_status":"open","template":"page-templates\/template-canvas.php","meta":{"footnotes":""},"class_list":["post-141","page","type-page","status-publish","hentry"],"_links":{"self":[{"href":"https:\/\/mayaluga.com.tr\/index.php\/wp-json\/wp\/v2\/pages\/141","targetHints":{"allow":["GET"]}}],"collection":[{"href":"https:\/\/mayaluga.com.tr\/index.php\/wp-json\/wp\/v2\/pages"}],"about":[{"href":"https:\/\/mayaluga.com.tr\/index.php\/wp-json\/wp\/v2\/types\/page"}],"author":[{"embeddable":true,"href":"https:\/\/mayaluga.com.tr\/index.php\/wp-json\/wp\/v2\/users\/1"}],"replies":[{"embeddable":true,"href":"https:\/\/mayaluga.com.tr\/index.php\/wp-json\/wp\/v2\/comments?post=141"}],"version-history":[{"count":25,"href":"https:\/\/mayaluga.com.tr\/index.php\/wp-json\/wp\/v2\/pages\/141\/revisions"}],"predecessor-version":[{"id":2130,"href":"https:\/\/mayaluga.com.tr\/index.php\/wp-json\/wp\/v2\/pages\/141\/revisions\/2130"}],"wp:attachment":[{"href":"https:\/\/mayaluga.com.tr\/index.php\/wp-json\/wp\/v2\/media?parent=141"}],"curies":[{"name":"wp","href":"https:\/\/api.w.org\/{rel}","templated":true}]}}